{"id":80,"date":"2020-04-21T21:42:46","date_gmt":"2020-04-22T00:42:46","guid":{"rendered":"http:\/\/brkarantes.com.br\/brk\/mesmerize-pro\/"},"modified":"2023-07-05T10:09:44","modified_gmt":"2023-07-05T13:09:44","slug":"mesmerize-pro","status":"publish","type":"page","link":"https:\/\/brkarantes.com.br\/brk\/","title":{"rendered":"Front Page"},"content":{"rendered":"<div  class=\"wp-block-columns\">\n<div  class=\"wp-block-column\" style=\"flex-basis: 100%;\">\n<div  class=\"wp-container-62432acc53371 wp-block-group\">\n<div  class=\"wp-block-group__inner-container\">\n\n<div  id=\"nossa-historia\" class=\"about-10 content-section content-section-spacing\" style=\"background-color: #f5fafd;\" data-label=\"Nossa Historia\" data-id=\"about--1\" data-export-id=\"about-10\" data-category=\"about\">\n<div  class=\"gridContainer\">\n<div  class=\"row middle-sm text-center\">\n<div  class=\"col-sm-5 space-bottom-xs content-column\" data-type=\"column\">\n<h5  class=\"\">Grupo Arantes<\/h5>\n<h2  class=\"\">50 anos<\/h2>\n<p  class=\"\">No dia 02 de agosto de 1972 surgiu o Grupo Arantes.\n\nE em 2022 comemoramos 50 anos de exist\u00eancia. Uma hist\u00f3ria de f\u00e9, com uma trajet\u00f3ria rica de sucesso. E \u00e9 claro que hoje existimos gra\u00e7as a voc\u00ea: o nosso cliente.\n\nAgrademos por essa caminhada conosco at\u00e9 aqui e queremos continuar trilhando esse belo caminho juntos.\n\n\u00c9 um prazer estar com voc\u00ea, servindo com excel\u00eancia e buscando a melhor qualidade.<\/p>\n<a class=\"button color1\" href=\"https:\/\/brkarantes.com.br\/brk\/linha-do-tempo\" target=\"_self\" rel=\"noopener\" data-cp-link=\"1\" data-icon=\"\">Saiba Mais<\/a>\n\n<\/div>\n<div  class=\"col-sm-7 flexbox middle-xs center-xs space-bottom-xs\">\n<div  class=\"overlay-box middle-xs center-xs flexbox\">\n<div  class=\"overlay-box-offset offset-border shadow-medium border-color1 hide-xs\"><\/div>\n<img  decoding=\"async\" class=\"shadow-large\" title=\"cropped-mensagem2.png\" src=\"https:\/\/brkarantes.com.br\/brk\/wp-content\/uploads\/2022\/03\/cropped-mensagem2.png\" alt=\"\" data-size=\"485x705\">\n\n<\/div>\n<\/div>\n<\/div>\n<\/div>\n<\/div>\n<div  id=\"nos-somos-broker\" class=\"about-3 content-section content-section-spacing\" style=\"background-color: #ffffff;\" data-label=\"Nos somos Broker\" data-id=\"about--2\" data-export-id=\"about-3\" data-category=\"about\">\n<div  class=\"gridContainer\">\n<div  class=\"row\">\n<div  class=\"col-sm-6 col-padding-small-xs col-sm-padding-large bg-color5 white-text content-col\" data-type=\"column\">\n<h5  class=\"\">Sobre n\u00f3s<\/h5>\n<h2  class=\"\">N\u00f3s somos Broker<\/h2>\n<p  class=\"\">Assista ao v\u00eddeo para entender um pouco mais sobre n\u00f3s, nossa import\u00e2ncia, desafios e papeis que realizamos todos os dias.<\/p>\n\n<\/div>\n<div  class=\"col-sm-6 no-gutter-col flexbox-strech center-xs middle-xs\">\n<div  class=\"lightbox-video dark-overlay shadow-large overlap-x-large flexbox middle-xs center-xs\" style=\"background-image: url('https:\/\/brkarantes.com.br\/brk\/wp-content\/uploads\/2020\/04\/cropped-Video1Frame-4.png');\" data-type=\"group\" data-bg=\"image\"><\/div>\n<\/div>\n<\/div>\n<\/div>\n<\/div>\n<div  id=\"content-1\" class=\"content-18 content-section content-section-spacing\" style=\"background-color: #f5fafd;\" data-label=\"Content\" data-id=\"content--1\" data-export-id=\"content-18\" data-category=\"content\">\n<div  class=\"gridContainer\">\n<div  class=\"row middle-sm\">\n<div  class=\"col-sm-6 flexbox around-xs top-xs space-bottom-xs space-top-xs\">\n<div  class=\"overlay-box flexbox middle-xs center-xs overlay-holder\">\n<div  class=\"overlay-box-offset offset-background shadow-medium bg-color2 hide-xs\"><\/div>\n<a data-cp-link=\"1\" href=\"https:\/\/www.promocoesnestle.com.br\" target=\"_self\" rel=\"noopener\" class=\"\"><img  decoding=\"async\" class=\"flexbox shadow-large img1\" title=\"promo friskies\" src=\"https:\/\/brkarantes.com.br\/brk\/wp-content\/uploads\/2023\/07\/cropped-promocao-nestle.png\" alt=\"\" data-size=\"500x500\"><\/a>\n\n<\/div>\n<\/div>\n<div  class=\"col-sm-6 content-left-sm\" data-type=\"column\">\n<h5  class=\"\">CAMPANHAS<\/h5>\n<h2  class=\"\">Promo\u00e7\u00e3o Nestl\u00e9 Faz Bem<\/h2>\n<p  class=\"\" style=\"text-align: justify;\">S\u00e3o 2 milh\u00f5es em pr\u00eamios<\/p>\nAcesse o site para saber mais, boa sorte a todos!\n\n\n<p  class=\"lead\"><\/p><a class=\"button color1\" href=\"https:\/\/www.promocoesnestle.com.br\" target=\"_self\" data-cp-link=\"1\" data-icon=\"\" rel=\"noopener\">Saiba mais<\/a><\/div>\n<\/div>\n<\/div>\n<\/div>\n<div  id=\"receitas-nestle\" class=\"team-5 content-section content-section-spacing\" style=\"background-color: #ffffff; background-image: none;\" data-label=\"Receitas Nestle\" data-id=\"team--1\" data-export-id=\"team-5\" data-category=\"team\">\n<div  class=\"gridContainer\">\n<div  class=\"row text-center\">\n<div  class=\"section-title-col\" data-type=\"column\">\n\n\n\n<\/div>\n<\/div>\n<div  class=\"row spaced-cols content-center-sm\" data-type=\"row\">\n<div  class=\"col-xs-12 col-sm-6 col-padding col-md-6\">\n<div  class=\"row \">\n<div  class=\"col-xs-12 col-sm-12\" data-type=\"column\">\n<div  class=\"social-icons-group\" data-type=\"group\"><\/div>\n\n<\/div>\n<\/div>\n<\/div>\n\n\n\n<\/div>\n<\/div>\n<\/div>\n<\/div>\n<\/div>\n<\/div>\n<\/div> ","protected":false},"excerpt":{"rendered":"<p>Grupo Arantes 50 anos No dia 02 de agosto de 1972 surgiu o Grupo Arantes. E em 2022 comemoramos 50 anos de exist\u00eancia. Uma hist\u00f3ria de f\u00e9, com uma trajet\u00f3ria rica de sucesso. E \u00e9 claro que hoje existimos gra\u00e7as a voc\u00ea: o nosso cliente. Agrademos por essa caminhada conosco at\u00e9 aqui e queremos continuar&hellip; <br \/> <a class=\"read-more\" href=\"https:\/\/brkarantes.com.br\/brk\/\">Read more<\/a><\/p>\n","protected":false},"author":1,"featured_media":0,"parent":0,"menu_order":0,"comment_status":"closed","ping_status":"closed","template":"page-templates\/homepage.php","meta":{"footnotes":""},"_links":{"self":[{"href":"https:\/\/brkarantes.com.br\/brk\/index.php?rest_route=\/wp\/v2\/pages\/80"}],"collection":[{"href":"https:\/\/brkarantes.com.br\/brk\/index.php?rest_route=\/wp\/v2\/pages"}],"about":[{"href":"https:\/\/brkarantes.com.br\/brk\/index.php?rest_route=\/wp\/v2\/types\/page"}],"author":[{"embeddable":true,"href":"https:\/\/brkarantes.com.br\/brk\/index.php?rest_route=\/wp\/v2\/users\/1"}],"replies":[{"embeddable":true,"href":"https:\/\/brkarantes.com.br\/brk\/index.php?rest_route=%2Fwp%2Fv2%2Fcomments&post=80"}],"version-history":[{"count":39,"href":"https:\/\/brkarantes.com.br\/brk\/index.php?rest_route=\/wp\/v2\/pages\/80\/revisions"}],"predecessor-version":[{"id":1750,"href":"https:\/\/brkarantes.com.br\/brk\/index.php?rest_route=\/wp\/v2\/pages\/80\/revisions\/1750"}],"wp:attachment":[{"href":"https:\/\/brkarantes.com.br\/brk\/index.php?rest_route=%2Fwp%2Fv2%2Fmedia&parent=80"}],"curies":[{"name":"wp","href":"https:\/\/api.w.org\/{rel}","templated":true}]}}