{"id":20,"date":"2020-04-21T20:44:16","date_gmt":"2020-04-21T23:44:16","guid":{"rendered":"http:\/\/brkarantes.com.br\/brk\/?page_id=20"},"modified":"2020-08-16T19:56:41","modified_gmt":"2020-08-16T22:56:41","slug":"nosso-trabalho","status":"publish","type":"page","link":"https:\/\/brkarantes.com.br\/brk\/?page_id=20","title":{"rendered":"Nosso Trabalho"},"content":{"rendered":"<div  data-label=\"Content\" data-id=\"content--3\" data-export-id=\"content-11\" data-category=\"content\" class=\"content-11 content-section content-section-spacing\" id=\"content-2\" style=\"background-color: rgb(255, 255, 255); background-image: none;\"><div  class=\"gridContainer\">  <div  class=\"row center-xs middle-xs\"> <div  class=\"col-sm-9\"> <div  class=\"lightbox-video lightbox-video-tall dark-overlay shadow-large flexbox middle-xs center-xs\" data-type=\"group\" data-bg=\"image\" style=\"background-image: url(&quot;https:\/\/brkarantes.com.br\/brk\/wp-content\/uploads\/2020\/04\/cropped-Video1Frame-7.png&quot;);\"> <a  data-fancybox=\"\" data-video-lightbox=\"true\" href=\"https:\/\/www.youtube.com\/watch?v=BNwa8p2hyG0\" class=\"\"> <i  data-cp-fa=\"true\" class=\"fa video-icon fa-play-circle-o color-white\"><\/i><\/a> <\/div><\/div> <\/div><\/div> <\/div><div  data-label=\"O que e Broker\" data-id=\"features--1\" data-export-id=\"features-16\" data-category=\"features\" class=\"features-16 content-section content-section-spacing\" id=\"o-que-e-broker\" style=\"background-color: rgb(245, 250, 253); background-image: none;\"><div  class=\"gridContainer\"> <div  class=\"row text-center\"><div  class=\"section-title-col\" data-type=\"column\"> <h2  class=\"\">O que \u00e9 <span  style=\"font-family: &quot;Playfair Display&quot;, arial, helvetica, sans-serif; font-style: italic;\">Broker<\/span>?<\/h2> <p  class=\"lead\">As imagens abaixo explicam algumas diferen\u00e7as entre o modelo de distribui\u00e7\u00e3o tradicional e o modelo Broker.<\/p><\/div> <\/div> <div  class=\"row spaced-cols\" data-type=\"row\"> <div  class=\"col-xs-12 col-sm-6 space-bottom col-md-6 \"> <img decoding=\"async\"  class=\"face\" src=\"https:\/\/brkarantes.com.br\/brk\/wp-content\/uploads\/2020\/04\/Parte2.png\" alt=\"\" title=\"Parte2\"> <div  data-type=\"column\" class=\"col-padding-small col-padding-small-xs description-container\"><img decoding=\"async\"  class=\"custom-image\" src=\"https:\/\/brkarantes.com.br\/brk\/wp-content\/uploads\/2020\/05\/Broker-Parte-1.png\" alt=\"\" title=\"Broker Parte 1\">   <\/div> <\/div> <div  class=\"col-xs-12 col-sm-6 space-bottom col-md-6 \"> <img decoding=\"async\"  class=\"face\" src=\"https:\/\/brkarantes.com.br\/brk\/wp-content\/uploads\/2020\/04\/Parte1.png\" alt=\"\" title=\"Parte1\"> <div  data-type=\"column\" class=\"col-padding-small col-padding-small-xs description-container\"><img decoding=\"async\"  class=\"custom-image\" src=\"https:\/\/brkarantes.com.br\/brk\/wp-content\/uploads\/2020\/05\/Broker-Parte-2.png\" alt=\"\" title=\"Broker Parte 2\">   <\/div> <\/div> <\/div> <\/div><\/div><div  data-label=\"Content\" data-id=\"content--2\" data-export-id=\"content-5-2\" data-category=\"content\" class=\"content-5-2 content-section content-section-spacing\" id=\"content-1\" style=\"background-color: rgb(255, 255, 255); background-image: none;\"><div  class=\"gridContainer\">  <div  class=\"row middle-sm\"> <div  class=\"col-sm-6 flexbox around-xs top-xs\"> <div  class=\"overlay-box flexbox middle-xs center-xs overlay-holder\"> <div  class=\"overlay-box-offset shadow-medium bg-color2 hide-xs offset-border\"><\/div> <img decoding=\"async\"  class=\"flexbox shadow-large img1\" data-size=\"485x632\" src=\"https:\/\/brkarantes.com.br\/brk\/wp-content\/uploads\/2020\/04\/cropped-Imagem3-3.png\" alt=\"\" title=\"cropped-Imagem3-3.png\"><\/div> <\/div> <div  class=\"col-sm-6 space-bottom-xs\"> <div  class=\"row space-bottom content-holder\" data-type=\"column\"> <h3  class=\"color2\"><span  style=\"color: rgb(3, 169, 244);\">Conceito Broker<\/span><\/h3> <p  class=\"\">Broker Nestl\u00e9 \u00e9 uma filial terceirizada, ou seja \u00e9 uma extens\u00e3o da companhia nas seguintes atividades:<\/p><\/div> <div  class=\"row space-bottom\" data-type=\"row\"> <div  class=\"col-sm-6 col-md-4\"> <h5  class=\"\"><span  style=\"font-family: Muli, arial, helvetica, sans-serif; font-weight: 700;\">\u2022 Vendas<\/span><\/h5> <\/div> <div  class=\"col-sm-6 space-bottom col-md-4\"> <h5  class=\"\"><span  style=\"font-weight: 700;\">\u2022 Merchandising<\/span><\/h5> <\/div>  <div  class=\"col-sm-6 col-md-4\"> <h5  class=\"\"><span  style=\"font-weight: 700;\">\u2022 Armazenagem e Distribui\u00e7\u00e3o<\/span><\/h5> <\/div><\/div><\/div> <\/div><\/div> <\/div><div  data-label=\"Seu Negocio\" data-id=\"content--1\" data-export-id=\"content-5\" data-category=\"content\" class=\"content-5 content-section content-section-spacing\" id=\"seu-negocio\" style=\"background-color: rgb(245, 250, 253); background-image: none;\"><div  class=\"gridContainer\">  <div  class=\"row middle-sm\"> <div  class=\"col-sm-6 space-bottom-xs\"> <div  class=\"row space-bottom content-holder\" data-type=\"column\">  <h2  class=\"\"><span  style=\"color: rgb(3, 169, 244);\">Seu Neg\u00f3cio<\/span><\/h2><h3  class=\"\"><span  style=\"font-weight: 400;\">Comprando produtos Nestl\u00e9 diretamente do<\/span>&nbsp;<span  style=\"font-family: &quot;Playfair Display&quot;, arial, helvetica, sans-serif; font-style: italic;\">Broker <span  style=\"font-family: &quot;Open Sans&quot;, arial, helvetica, sans-serif; font-weight: 700;\">J<\/span>. Arantes&nbsp;<span  id=\"_mce_caret\" data-mce-bogus=\"1\" data-mce-type=\"format-caret\"><span  style=\"font-family: Muli, arial, helvetica, sans-serif;\">\ufeff<\/span><\/span><\/span><span  id=\"_mce_caret\" data-mce-bogus=\"1\" data-mce-type=\"format-caret\"><span  id=\"_mce_caret\" data-mce-bogus=\"1\" data-mce-type=\"format-caret\"><span  style=\"font-family: Muli, arial, helvetica, sans-serif;\">\ufeff<span  style=\"font-weight: 400;\">seu neg\u00f3cio tem:<\/span><\/span><\/span><\/span><\/h3><\/div> <div  class=\"row space-bottom\" data-type=\"row\"><div  class=\"col-sm-6 space-bottom col-md-12\">   <p  class=\"\" style=\"text-align: justify;\">\u2022 Equipe de vendedores e promotores treinados em merchandising que promovem o nosso produto no seu estabelecimento, dando visibilidade para a marca e evitando o vencimento. Promovendo um maior giro.<\/p><\/div>    <div  class=\"col-sm-6 space-bottom col-md-12\">   <p  class=\"\" style=\"text-align: justify;\">\u2022 Atendimento especializado e exclusivo para o seu PDV. Sem que os produtos faltem na gondola ou sobrem em estoque. Aumentando a efici\u00eancia do seu neg\u00f3cio.<\/p><\/div><div  class=\"col-sm-6 space-bottom col-md-12\">   <p  class=\"\" style=\"text-align: justify;\">\u2022 Plataforma de e-commerce \u201cat\u00e9vc\u201d para realizar pedidos quando e onde voc\u00ea quiser. Revolucionando a forma de abastecer seu ponto de venda.<\/p><\/div><div  class=\"col-sm-6 space-bottom col-md-12\">   <p  class=\"\" style=\"text-align: justify;\">\u2022 Garantimos a entrega em 48h ap\u00f3s aprova\u00e7\u00e3o do pedido. Oferecendo velocidade e comodidade para o seu abastecimento.<\/p><\/div><div  class=\"col-sm-6 space-bottom col-md-12\">   <p  class=\"\" style=\"text-align: justify;\"><span  style=\"font-weight: 700;\">Todas essas a\u00e7\u00f5es foram criadas para aumentar o volume de vendas do seu neg\u00f3cio.<\/span><\/p><\/div><\/div><\/div> <div  class=\"col-sm-6 flexbox around-xs top-xs space-bottom-xs\"><div  class=\"overlay-box flexbox middle-xs center-xs overlay-holder\"> <div  class=\"overlay-box-offset offset-background shadow-medium bg-color2 hide-xs\"><\/div> <img decoding=\"async\"  class=\"flexbox shadow-large img1\" data-size=\"485x632\" src=\"https:\/\/brkarantes.com.br\/brk\/wp-content\/uploads\/2020\/04\/cropped-office-1209640_1920.jpg\" alt=\"\" title=\"cropped-office-1209640_1920.jpg\"><\/div> <\/div><\/div> <\/div><\/div><div  data-label=\"Features\" data-id=\"features--2\" data-export-id=\"features-16\" data-category=\"features\" class=\"features-16 content-section content-section-spacing\" id=\"features-1\" style=\"background-color: rgb(255, 255, 255); background-image: none;\"><div  class=\"gridContainer\"><div  data-section-title-area=\"true\" class=\"row text-center\">   <div  class=\"section-title-col\" data-type=\"column\">       <h2  class=\"\">Equipes Especializadas<\/h2>       <p  class=\"lead\"><a data-mce-href=\"..\/equipes-especializadas\/\" href=\"..\/equipes-especializadas\" target=\"_self\" data-mce-selected=\"inline-boundary\" data-cp-link=\"1\" rel=\"noreferrer noopener\"><span  style=\"color: rgb(3, 169, 244);\"><span  style=\"font-weight: 600;\"><span  style=\"font-weight: 400;\"><span  style=\"color: rgb(107, 124, 147);\"><span  style=\"color: rgb(60, 66, 79);\">\ufeffClique aqui<\/span>\ufeff<\/span><\/span><\/span><\/span><\/a> para saber mais sobre nossas equipes personalizadas.<\/p>   <\/div><\/div>  <div  class=\"row spaced-cols\" data-type=\"row\"> <div  class=\"col-xs-12 col-sm-6 space-bottom col-md-4 \"> <img decoding=\"async\"  class=\"face\" src=\"https:\/\/brkarantes.com.br\/brk\/wp-content\/uploads\/2020\/04\/cropped-professional.png\" alt=\"\" title=\"cropped-professional.png\"> <div  data-type=\"column\" class=\"col-padding-small col-padding-small-xs description-container\">   <\/div> <\/div>  <div  class=\"col-xs-12 col-sm-6 space-bottom col-md-4 \"> <img decoding=\"async\"  class=\"face\" src=\"https:\/\/brkarantes.com.br\/brk\/wp-content\/uploads\/2020\/04\/cropped-purina.png\" alt=\"\" title=\"cropped-purina.png\"> <div  data-type=\"column\" class=\"col-padding-small col-padding-small-xs description-container\">   <\/div> <\/div><div  class=\"col-xs-12 col-sm-6 space-bottom col-md-4 \"> <img decoding=\"async\"  class=\"face\" src=\"https:\/\/brkarantes.com.br\/brk\/wp-content\/uploads\/2020\/04\/cropped-nespresso.png\" alt=\"\" title=\"cropped-nespresso.png\"> <div  data-type=\"column\" class=\"col-padding-small col-padding-small-xs description-container\">   <\/div> <\/div><div  class=\"col-xs-12 col-sm-6 space-bottom col-md-4 \"> <img decoding=\"async\"  class=\"face\" src=\"https:\/\/brkarantes.com.br\/brk\/wp-content\/uploads\/2020\/04\/cropped-farma.png\" alt=\"\" title=\"cropped-farma.png\"> <div  data-type=\"column\" class=\"col-padding-small col-padding-small-xs description-container\">   <\/div> <\/div><div  class=\"col-xs-12 col-sm-6 space-bottom col-md-4\"> <img decoding=\"async\"  class=\"face\" src=\"https:\/\/brkarantes.com.br\/brk\/wp-content\/uploads\/2020\/04\/cropped-sorvetes-1.png\" alt=\"\" title=\"cropped-sorvetes-1.png\"> <div  data-type=\"column\" class=\"col-padding-small col-padding-small-xs description-container\">   <\/div> <\/div><div  class=\"col-xs-12 col-sm-6 space-bottom col-md-4\"> <img decoding=\"async\"  class=\"face\" src=\"https:\/\/brkarantes.com.br\/brk\/wp-content\/uploads\/2020\/04\/cropped-linha_seca-1.png\" alt=\"\" title=\"cropped-linha_seca-1.png\"> <div  data-type=\"column\" class=\"col-padding-small col-padding-small-xs description-container\">   <\/div> <\/div><\/div> <\/div><\/div> ","protected":false},"excerpt":{"rendered":"<p>O que \u00e9 Broker? As imagens abaixo explicam algumas diferen\u00e7as entre o modelo de distribui\u00e7\u00e3o tradicional e o modelo Broker. Conceito Broker Broker Nestl\u00e9 \u00e9 uma filial terceirizada, ou seja \u00e9 uma extens\u00e3o da companhia nas seguintes atividades: \u2022 Vendas \u2022 Merchandising \u2022 Armazenagem e Distribui\u00e7\u00e3o Seu Neg\u00f3cioComprando produtos Nestl\u00e9 diretamente do&nbsp;Broker J. Arantes&nbsp;\ufeff\ufeffseu neg\u00f3cio&hellip; <br \/> <a class=\"read-more\" href=\"https:\/\/brkarantes.com.br\/brk\/?page_id=20\">Read more<\/a><\/p>\n","protected":false},"author":1,"featured_media":0,"parent":0,"menu_order":0,"comment_status":"closed","ping_status":"closed","template":"pro\/page-templates\/full-width-page.php","meta":{"footnotes":""},"_links":{"self":[{"href":"https:\/\/brkarantes.com.br\/brk\/index.php?rest_route=\/wp\/v2\/pages\/20"}],"collection":[{"href":"https:\/\/brkarantes.com.br\/brk\/index.php?rest_route=\/wp\/v2\/pages"}],"about":[{"href":"https:\/\/brkarantes.com.br\/brk\/index.php?rest_route=\/wp\/v2\/types\/page"}],"author":[{"embeddable":true,"href":"https:\/\/brkarantes.com.br\/brk\/index.php?rest_route=\/wp\/v2\/users\/1"}],"replies":[{"embeddable":true,"href":"https:\/\/brkarantes.com.br\/brk\/index.php?rest_route=%2Fwp%2Fv2%2Fcomments&post=20"}],"version-history":[{"count":35,"href":"https:\/\/brkarantes.com.br\/brk\/index.php?rest_route=\/wp\/v2\/pages\/20\/revisions"}],"predecessor-version":[{"id":1188,"href":"https:\/\/brkarantes.com.br\/brk\/index.php?rest_route=\/wp\/v2\/pages\/20\/revisions\/1188"}],"wp:attachment":[{"href":"https:\/\/brkarantes.com.br\/brk\/index.php?rest_route=%2Fwp%2Fv2%2Fmedia&parent=20"}],"curies":[{"name":"wp","href":"https:\/\/api.w.org\/{rel}","templated":true}]}}